{"id":1107,"date":"2020-07-21T18:44:52","date_gmt":"2020-07-21T16:44:52","guid":{"rendered":"https:\/\/www.transandalucia.com\/?page_id=1107"},"modified":"2022-11-22T12:41:23","modified_gmt":"2022-11-22T11:41:23","slug":"privacy-policy","status":"publish","type":"page","link":"https:\/\/www.transandalucia.com\/en\/privacy-policy\/","title":{"rendered":"PRIVACY POLICY"},"content":{"rendered":"<div id='av-layout-grid-1'  class='av-layout-grid-container entry-content-wrapper main_color av-flex-cells av-break-at-tablet    avia-builder-el-0  el_before_av_section  avia-builder-el-first  container_wrap fullsize' style=' '  >\n<div class=\"flex_cell no_margin av_one_full  avia-builder-el-1  avia-builder-el-no-sibling   av-zero-padding \"  style='height:10px; min-height:10px;background: #c9b86a; vertical-align:middle; padding:0px; background-color:#c9b86a; ' ><div class='flex_cell_inner' ><\/div><\/div>\n<\/div>\n<div id='presupuesto'  class='avia-section main_color avia-section-default avia-no-border-styling  avia-bg-style-scroll  avia-builder-el-2  el_after_av_layout_row  el_before_av_layout_row   av-minimum-height av-minimum-height-75  container_wrap fullsize' style='background-color: #0a0a0a;background-image: linear-gradient(#0a0a0a,#494949); '   data-av_minimum_height_pc='75'><div class='container' ><div class='template-page content  av-content-full alpha units'><div class='post-entry post-entry-type-page post-entry-1107'><div class='entry-content-wrapper clearfix'>\n<div  style='padding-bottom:20px; color:#ffffff;font-size:40px;' class='av-special-heading av-special-heading-h2 custom-color-heading blockquote modern-quote modern-centered  avia-builder-el-3  el_before_av_hr  avia-builder-el-first  av-thin-font av-inherit-size '><h2 class='av-special-heading-tag '  itemprop=\"headline\"  ><strong>PRIVACY POLICY<\/strong><\/h2><div class='special-heading-border'><div class='special-heading-inner-border' style='border-color:#ffffff'><\/div><\/div><\/div>\n<div  style=' margin-top:0px; margin-bottom:20px;'  class='hr hr-custom hr-center hr-icon-yes   avia-builder-el-4  el_after_av_heading  el_before_av_textblock '><span class='hr-inner  inner-border-av-border-thin' style=' width:50px; max-width:45%;' ><span class='hr-inner-style'><\/span><\/span><span class='av-seperator-icon'  aria-hidden='true' data-av_icon='\ue8bf' data-av_iconfont='entypo-fontello'><\/span><span class='hr-inner  inner-border-av-border-thin' style=' width:50px; max-width:45%;' ><span class='hr-inner-style'><\/span><\/span><\/div>\n<section class=\"av_textblock_section \"  itemscope=\"itemscope\" itemtype=\"https:\/\/schema.org\/CreativeWork\" ><div class='avia_textblock  av_inherit_color '  style='font-size:14px; color:#d3d3d3; '  itemprop=\"text\" ><h4>CONDICIONES GENERALES VIAJES TRANSANDALUCIA S.L. GAT- AN- 29418-3<\/h4>\n<p>1.- todas las excursiones organizadas por Viajes Transandalucia S.L. se encuentran sujetas a las presentes condiciones generales y por el decreto 301\/2002 de 17 de Diciembre, publicado en el BOJA n\u00ba 150 de 21 de Diciembre.<\/p>\n<p>2.- a efectos de la normativa aplicable, solo se considera EXCURSION a la de duraci\u00f3n no superior a 24 horas o que no incluyan noche de estancia, ofertada por la agencia o a solicitud del usuario, por un precio global<\/p>\n<p>3.- los precios, itinerarios y horarios del programa pueden ser modificados por la organizaci\u00f3n si las circunstancias lo imponen, y los clientes podr\u00e1n optar por aceptar esas modificaciones, informados antes de la salida o solicitar el reembolso parcial.<\/p>\n<p>4.- las Excursiones que figuran en este programa tienen incluido el autocar, las entradas a monumentos, el servicio de gu\u00eda y las comidas especificadas, no incluy\u00e9ndose ninguna otra clase de extra, excepto las mencionadas<\/p>\n<p>5.- la organizaci\u00f3n podr\u00e1 cancelar las excursiones programadas por falta de cupo, previo aviso a los participantes.Las anulaciones por fuerza mayor no dar\u00e1n lugar a ninguna indemnizaci\u00f3n.<\/p>\n<p>6.- una vez iniciada la excursi\u00f3n, todos los pasajeros tendr\u00e1n que aceptar y cumplir las instrucciones del gu\u00eda, que podr\u00e1 realizar las modificaciones necesarias, seg\u00fan las circunstancias. El abandono del grupo o separaci\u00f3n del mismo durante la excursi\u00f3n por causas no imputables a la organizaci\u00f3n, supone la perdida del derecho a la reclamaci\u00f3n de indemnizaci\u00f3n.<\/p>\n<p>7.- DOCUMENTACION: el D,N,I. , carta de identidad o pasaporte, como identificador del viajero, es obligaci\u00f3n del cliente el mantenerlo en su posesi\u00f3n y en regla.<\/p>\n<p>Si por cualquier circunstancia, ajena a la organizadora, al viajero se le negase el acceso a cualquier pa\u00eds por falta de requisitos legales, el Organizador declina toda responsabilidad, siendo todos los gastos que esto origine por cuenta del viajero.<\/p>\n<p>Se aplicar\u00eda en este caso las condiciones de anulaciones por desestimiento voluntario.<\/p>\n<p>8.- ANULACIONES: la renuncia a un viaje previamente contratado tendr\u00e1 los siguientes gastos de anulaci\u00f3n:<\/p>\n<p>A.- 15 a 10 d\u00edas antes de la salida el 5 % del importe<\/p>\n<p>B.- 10 a 3 d\u00edas antes de la salida el 15 % el importe<\/p>\n<p>C.- Menos de 48 horas antes de la salida el 25 % del importe<\/p>\n<p>La Agencia podr\u00e1 cobrar gastos justificados y su beneficio empresarial legal<\/p>\n<p>Una vez iniciado el viaje no se admiten devoluciones<\/p>\n<p>La Organizaci\u00f3n no se responsabiliza de los retrasos en los servicios mar\u00edtimos ni de los gastos extras que este evento pudiera ocasionar.<\/p>\n<p>Es obligatoria la presentaci\u00f3n en cada parada con al menos 15 minutos de antelaci\u00f3n a la hora prevista para la salida.<\/p>\n<p>Nuestros precios incluyen el I.V.A. Correspondiente<\/p>\n<p><strong>POLITICA DE COOKIES<\/strong><\/p>\n<p>Usamos cookies para mejorar la experiencia de los usuarios, \u00e9stas facilitan la navegaci\u00f3n por nuestra web.<\/p>\n<p>Hacemos todo lo posible para facilitar el uso de estas cookies, as\u00ed como su gesti\u00f3n y control al utilizar nuestros servicios<\/p>\n<p>\u00bfQu\u00e9 son las cookies?<\/p>\n<ul>\n<li>Las cookies son peque\u00f1os archivos de texto que se almacenan en el dispositivo con el que un usuario accede a Internet para visitar una p\u00e1gina web.<\/li>\n<li>No suponen nig\u00fan riesgo para ning\u00fan dispositivo, ya sea un ordenador, un tel\u00e9fono con acceso a internet o un tablet.<\/li>\n<li>Sirven para que desde un sitio web podamos facilitar y mejorar la navegaci\u00f3n.<\/li>\n<li>Las cookies no revelan su identidad ni ning\u00fan dato personal, pero s\u00ed permiten identificar al ususario y recordar que ya visit\u00f3 la web anteriormente o que visit\u00f3 algunas p\u00e1ginas en concreto, guarda sus preferencias y en base a ellas mejora su experiencia de usuario cada vez que vuelve a visitarnos.<\/li>\n<li>Nos permiten mejorar en nuestros contenidos en relaci\u00f3n con las estad\u00edsticas de visitas. En un comercio on-line las cookies pueden ser usadas adem\u00e1scon distintos prop\u00f3sitos \u00fatiles para el usuario, como recordar la informaci\u00f3n de inicio de sesi\u00f3n o lo que contiene su pedido de compra.<\/li>\n<li>Es el operador del sitio web el que determina qu\u00e9 tipo de informaci\u00f3n contiene dicha cookie y cu\u00e1l es su prop\u00f3sito.<\/li>\n<\/ul>\n<p><strong>Existen tres tipos de cookies:<\/strong><\/p>\n<ol>\n<li>Cookies T\u00e9cnicas<\/li>\n<li>Cookies Funcionales<\/li>\n<li>Cookies de Marketing<\/li>\n<\/ol>\n<p><strong>1. Cookies T\u00e9cnicas<\/strong><\/p>\n<p>Se trata de cookies que recogen informaci\u00f3n sobre c\u00f3mo utiliza el sitio web (por ejemplo, las p\u00e1ginas que visita o si se produce alg\u00fan error) y que tambi\u00e9n ayudan a nuestra web a la localizaci\u00f3n y soluci\u00f3n de problemas del sitio. Toda la informaci\u00f3n recogida en ellas es totalmente an\u00f3nima y nos ayuda a entender c\u00f3mo funciona nuestro sitio, realizando las mejoras oportunas para facilitar su navegaci\u00f3n.<\/p>\n<p>Dichas cookies permitir\u00e1n:<\/p>\n<ul>\n<li>Que Usted navegue por el sitio<\/li>\n<li>Que Transandalucia recompile informaci\u00f3n sobre c\u00f3mo utiliza Usted la p\u00e1gina web, para as\u00ed entender la usabilidad del sitio, y ayudarnos a implementar las mejoras necesarias.<\/li>\n<li>Son necesarias para que puedas navegar por Transandalucia correctamente y que pueda acceder a todas las secciones sin problemas.<\/li>\n<li>Estas cookies no recoger\u00e1n ninguna informaci\u00f3n sobre Usted que pueda ser usada con fines publicitarios, o informaci\u00f3n acerca de sus preferencias (tales como sus datos de usuario) m\u00e1s all\u00e1 de esa visita en particular.<\/li>\n<\/ul>\n<p><strong>2. Cookies Funcionales.<\/strong><\/p>\n<p>Nuestro prop\u00f3sito con estas cookies no es otro que mejorar la experiencia de los usuarios de Transandalucia. Podr\u00e1 rechazar en cualquier momento el uso de dichas cookies. Usamos estas cookies para recordar ciertos par\u00e1metros de configuraci\u00f3n o para proporcionar ciertos servicios o mensajes que pueden llegar a mejorar su experiencia en nuestro sitio. Por ejemplo, recuerdan el pa\u00eds o el idioma que ha seleccionado al visitar las p\u00e1ginas, y no se utilizan con fines de marketing.<\/p>\n<p>Dichas cookies permitir\u00e1n:<\/p>\n<ul>\n<li>Recordar sus datos de inicio de sesi\u00f3n como cliente al volver a la p\u00e1gina<\/li>\n<li>Estas cookies no recoger\u00e1n ninguna informaci\u00f3n sobre Usted que pueda ser usada con fines publicitarios, o informaci\u00f3n acerca de sus preferencias (tales como sus datos de usuario) m\u00e1s all\u00e1 de esa visita en particular.<\/li>\n<\/ul>\n<p><strong>3. Cookies de Marketing<\/strong><\/p>\n<p>Son cookies gestionadas por terceros, as\u00ed que podr\u00e1 utilizar las herramientas de \u00e9stos para restringir el uso de estas cookies. Algunas de las cookies se utilizan para enlazar a otras p\u00e1ginas web que proporcionan ciertos servicios a Transandalucia, como puede ser el caso de Facebook, Twitter o Google. Algunas de estas cookies modificar\u00e1n los anuncios de otras webs para adaptarlos a sus preferencias.<\/p>\n<p>Estas cookies permitir\u00e1n:<\/p>\n<ul>\n<li>Enlazar con redes sociales<\/li>\n<\/ul>\n<p>Pasar informaci\u00f3n sobre su visita a la p\u00e1gina de Transandalucia para adaptar anuncios en otras p\u00e1ginas.<\/p>\n<p>Ud puede evitar que se instalen cookies en su dispositivo, pues la gran mayor\u00eda de los navegadores web permiten determinar en su configuraci\u00f3n si se permite o no su instalaci\u00f3n.<\/p>\n<ul>\n<li>Chrome, desde http:\/\/support.google.com\/chrome\/bin\/answer.py?hl=es&amp;answer=95647<\/li>\n<li>Explorer, desde http:\/\/windows.microsoft.com\/es-es\/windows7\/how-to-manage-cookies-in-internet-explorer-9<\/li>\n<li>Firefox, desde http:\/\/support.mozilla.org\/es\/kb\/habilitar-y-deshabilitar-cookies-que-los-sitios-we<\/li>\n<li>Safari, desde http:\/\/support.apple.com\/kb\/ph5042<\/li>\n<\/ul>\n<p>Si desea saber c\u00f3mo llevar a cabo dicho proceso en otros navegadores o aprender m\u00e1s acerca de las cookies (en ingl\u00e9s):<br \/>\nhttp:\/\/www.allaboutcookies.org\/manage-cookies\/<br \/>\nhttp:\/\/www.youronlinechoices.eu<br \/>\nhttp:\/\/www.international-chamber.co.uk\/our-expertise\/digitaleconomy<\/p>\n<p>Tan solo leeremos o escribiremos cookies acerca de sus preferencias. Aquellas que hayan sido instaladas antes de modificar la configuraci\u00f3n permanecer\u00e1n en su ordenador y podr\u00e1 borrarlas haciendo uso de las opciones de configuraci\u00f3n de su navegador.<\/p>\n<p>En relaci\u00f3n a las cookies de seguimiento de Google Analytics le informamos de que \u00e9ste es un servicio anal\u00edtico de web prestado por Google, Inc., una compa\u00f1\u00eda de Delaware cuya oficina principal est\u00e1 en 1600 Amphitheatre Parkway, Mountain View (California), CA 94043, Estados Unidos (&#8220;Google&#8221;). Google Analytics utiliza cookies (ajenas a www.Transandalucia.com). La informaci\u00f3n que genera la cookie acerca de su uso del website (incluyendo su direcci\u00f3n IP) ser\u00e1 directamente transmitida y archivada por Google en los servidores de Estados Unidos. Google usar\u00e1 esta informaci\u00f3n por cuenta nuestra con el prop\u00f3sito de seguir la pista de su uso del website, recopilando informes de la actividad de la Web y prestando otros servicios relacionados con la actividad del website y el uso de Internet. Google podr\u00e1 transmitir dicha informaci\u00f3n a terceros cuando as\u00ed se lo requiera la legislaci\u00f3n, o cuando dichos terceros procesen la informaci\u00f3n por cuenta de Google. Al utilizar este website usted consiente el tratamiento de informaci\u00f3n acerca de usted por Google en la forma y para los fines arriba indicados. El ejercicio de cualquier derecho deber\u00e1 hacerlo comunicando directamente con Google.<\/p>\n<\/div><\/section>\n<\/div><\/div><\/div><!-- close content main div --><\/div><\/div><div id='av-layout-grid-2'  class='av-layout-grid-container entry-content-wrapper main_color av-flex-cells av-break-at-tablet    avia-builder-el-6  el_after_av_section  avia-builder-el-last  submenu-not-first container_wrap fullsize' style=' '  >\n<div class=\"flex_cell no_margin av_one_full  avia-builder-el-7  avia-builder-el-no-sibling   av-zero-padding \"  style='height:10px; min-height:10px;background: #c9b86a; vertical-align:middle; padding:0px; background-color:#c9b86a; ' ><div class='flex_cell_inner' ><\/div><\/div>\n<\/div><\/p>\n","protected":false},"excerpt":{"rendered":"","protected":false},"author":4,"featured_media":0,"parent":0,"menu_order":5,"comment_status":"closed","ping_status":"closed","template":"","meta":[],"yoast_head":"<!-- This site is optimized with the Yoast SEO plugin v15.3 - https:\/\/yoast.com\/wordpress\/plugins\/seo\/ -->\n<title>PRIVACY POLICY - Transandaluc\u00eda<\/title>\n<meta name=\"robots\" content=\"index, follow, max-snippet:-1, max-image-preview:large, max-video-preview:-1\" \/>\n<link rel=\"canonical\" href=\"https:\/\/www.transandalucia.com\/en\/privacy-policy\/\" \/>\n<meta property=\"og:locale\" content=\"en_US\" \/>\n<meta property=\"og:type\" content=\"article\" \/>\n<meta property=\"og:title\" content=\"PRIVACY POLICY - Transandaluc\u00eda\" \/>\n<meta property=\"og:url\" content=\"https:\/\/www.transandalucia.com\/en\/privacy-policy\/\" \/>\n<meta property=\"og:site_name\" content=\"Transandaluc\u00eda\" \/>\n<meta property=\"article:modified_time\" content=\"2022-11-22T11:41:23+00:00\" \/>\n<meta name=\"twitter:card\" content=\"summary_large_image\" \/>\n<meta name=\"twitter:label1\" content=\"Written by\">\n\t<meta name=\"twitter:data1\" content=\"Mentaliza\">\n\t<meta name=\"twitter:label2\" content=\"Est. reading time\">\n\t<meta name=\"twitter:data2\" content=\"8 minutes\">\n<script type=\"application\/ld+json\" class=\"yoast-schema-graph\">{\"@context\":\"https:\/\/schema.org\",\"@graph\":[{\"@type\":\"WebSite\",\"@id\":\"https:\/\/www.transandalucia.com\/en\/home\/#website\",\"url\":\"https:\/\/www.transandalucia.com\/en\/home\/\",\"name\":\"Transandaluc\\u00eda\",\"description\":\"Viajes, Autocares y Transfers\",\"potentialAction\":[{\"@type\":\"SearchAction\",\"target\":\"https:\/\/www.transandalucia.com\/en\/home\/?s={search_term_string}\",\"query-input\":\"required name=search_term_string\"}],\"inLanguage\":\"en-US\"},{\"@type\":\"WebPage\",\"@id\":\"https:\/\/www.transandalucia.com\/en\/privacy-policy\/#webpage\",\"url\":\"https:\/\/www.transandalucia.com\/en\/privacy-policy\/\",\"name\":\"PRIVACY POLICY - Transandaluc\\u00eda\",\"isPartOf\":{\"@id\":\"https:\/\/www.transandalucia.com\/en\/home\/#website\"},\"datePublished\":\"2020-07-21T16:44:52+00:00\",\"dateModified\":\"2022-11-22T11:41:23+00:00\",\"inLanguage\":\"en-US\",\"potentialAction\":[{\"@type\":\"ReadAction\",\"target\":[\"https:\/\/www.transandalucia.com\/en\/privacy-policy\/\"]}]}]}<\/script>\n<!-- \/ Yoast SEO plugin. -->","_links":{"self":[{"href":"https:\/\/www.transandalucia.com\/en\/wp-json\/wp\/v2\/pages\/1107"}],"collection":[{"href":"https:\/\/www.transandalucia.com\/en\/wp-json\/wp\/v2\/pages"}],"about":[{"href":"https:\/\/www.transandalucia.com\/en\/wp-json\/wp\/v2\/types\/page"}],"author":[{"embeddable":true,"href":"https:\/\/www.transandalucia.com\/en\/wp-json\/wp\/v2\/users\/4"}],"replies":[{"embeddable":true,"href":"https:\/\/www.transandalucia.com\/en\/wp-json\/wp\/v2\/comments?post=1107"}],"version-history":[{"count":4,"href":"https:\/\/www.transandalucia.com\/en\/wp-json\/wp\/v2\/pages\/1107\/revisions"}],"predecessor-version":[{"id":1583,"href":"https:\/\/www.transandalucia.com\/en\/wp-json\/wp\/v2\/pages\/1107\/revisions\/1583"}],"wp:attachment":[{"href":"https:\/\/www.transandalucia.com\/en\/wp-json\/wp\/v2\/media?parent=1107"}],"curies":[{"name":"wp","href":"https:\/\/api.w.org\/{rel}","templated":true}]}}